{"id":13,"date":"2021-11-17T19:32:22","date_gmt":"2021-11-17T19:32:22","guid":{"rendered":"https:\/\/nationalfeprod.wpengine.com\/index.php\/gift-certificate\/check-balance\/"},"modified":"2022-03-28T22:08:59","modified_gmt":"2022-03-28T22:08:59","slug":"check-balance","status":"publish","type":"page","link":"https:\/\/lordandjames.com\/es\/gift-certificate\/check-balance\/","title":{"rendered":"Comprobar el saldo"},"content":{"rendered":"<style>\/*! elementor - v3.5.6 - 28-02-2022 *\/<br \/>\n.elementor-heading-title{padding:0;margin:0;line-height:1}.elementor-widget-heading .elementor-heading-title[class*=elementor-size-]>a{color:inherit;font-size:inherit;line-height:inherit}.elementor-widget-heading .elementor-heading-title.elementor-size-small{font-size:15px}.elementor-widget-heading .elementor-heading-title.elementor-size-medium{font-size:19px}.elementor-widget-heading .elementor-heading-title.elementor-size-large{font-size:29px}.elementor-widget-heading .elementor-heading-title.elementor-size-xl{font-size:39px}.elementor-widget-heading .elementor-heading-title.elementor-size-xxl{font-size:59px}<\/style>\n<h3>Gift Cards<\/h3>\n<div class=\"bc-gift-page\">\n\t<div class=\"bc-gift-balance\">\n\t\t<div class=\"bc-gift-balance__form\">\n\t<h3>Saldo del certificado de regalo<\/h3>\n\t<p>Puedes verificar el saldo de un certificado de regalo escribiendo el c\u00f3digo en el cuadro a continuaci\u00f3n.<\/p>\n\t<form class=\"bc-form bc-form--gift-balance \" method=\"get\">\n\t\t<label for=\"bc-gift-balance-code\" class=\"bc-form__control \">\n\t\t\t<span class=\"bc-form__label bc-gift-balance__form-label bc-form-control-required\">C\u00f3digo de certificado de regalo<\/span>\n\t\t\t<input type=\"text\" name=\"bc-gift-balance[code]\" id=\"bc-gift-balance-code\" value=\"\" data-form-field=\"bc-form-field-code\">\n\t\t<\/label>\n\n\t\t<div class=\"bc-form__actions bc-form__actions--left bc-gift-balance__actions\">\n\t\t\t<button class=\"bc-btn bc-gift-balance-form-submit\" aria-label=\"Comprobar el saldo\" type=\"submit\" data-js=\"bc-gift-balance-form-save\">Comprobar el saldo<\/button>\n\t\t<\/div>\n\t<\/form>\n<\/div>\n\t\t\t<\/div>\n<\/div>\n<aside class=\"bc-gift-instructions\">\n\t<h3>C\u00f3mo canjear certificados de regalo<\/h3>\n\t<p>Para canjear un certificado de regalo, sigue estos pasos:<\/p>\n\t<ol>\n\t\t<li>Necesitas tu c\u00f3digo de certificado de regalo \u00fanico, que es parte del certificado de regalo que se te envi\u00f3 por correo electr\u00f3nico como archivo adjunto. Se ver\u00e1 algo as\u00ed como Z50-Y6K-COS-402.<\/li>\n\t\t<li>Browse the store and add items to your cart.<\/li>\n\t\t<li>Visita el carrito para ver los art\u00edculos que has seleccionado para comprar.<\/li>\n\t\t<li>Click &quot;Process to Checkout&quot;.<\/li>\n\t\t<li>Type your gift certificate code into the &quot;Promo\/Gift Certificate&quot; box and click &quot;Apply&quot; to apply the balance.<\/li>\n\t<\/ol>\n<\/aside>\n\n","protected":false},"excerpt":{"rendered":"<p>Tarjetas regalo<\/p>","protected":false},"author":1,"featured_media":0,"parent":12,"menu_order":0,"comment_status":"closed","ping_status":"closed","template":"","meta":{"_acf_changed":false,"footnotes":""},"class_list":["post-13","page","type-page","status-publish","hentry"],"acf":[],"yoast_head":"<!-- This site is optimized with the Yoast SEO plugin v27.5 - https:\/\/yoast.com\/product\/yoast-seo-wordpress\/ -->\n<title>Check Balance - Lord &amp; James<\/title>\n<meta name=\"robots\" content=\"index, follow, max-snippet:-1, max-image-preview:large, max-video-preview:-1\" \/>\n<link rel=\"canonical\" href=\"https:\/\/lordandjames.com\/es\/gift-certificate\/check-balance\/\" \/>\n<meta property=\"og:locale\" content=\"es_ES\" \/>\n<meta property=\"og:type\" content=\"article\" \/>\n<meta property=\"og:title\" content=\"Check Balance - Lord &amp; James\" \/>\n<meta property=\"og:description\" content=\"Gift Cards\" \/>\n<meta property=\"og:url\" content=\"https:\/\/lordandjames.com\/es\/gift-certificate\/check-balance\/\" \/>\n<meta property=\"og:site_name\" content=\"Lord &amp; James\" \/>\n<meta property=\"article:modified_time\" content=\"2022-03-28T22:08:59+00:00\" \/>\n<meta name=\"twitter:card\" content=\"summary_large_image\" \/>\n<meta name=\"twitter:label1\" content=\"Est. reading time\" \/>\n\t<meta name=\"twitter:data1\" content=\"1 minuto\" \/>\n<script type=\"application\/ld+json\" class=\"yoast-schema-graph\">{\"@context\":\"https:\\\/\\\/schema.org\",\"@graph\":[{\"@type\":\"WebPage\",\"@id\":\"https:\\\/\\\/lordandjames.com\\\/gift-certificate\\\/check-balance\\\/\",\"url\":\"https:\\\/\\\/lordandjames.com\\\/gift-certificate\\\/check-balance\\\/\",\"name\":\"Check Balance - Lord &amp; James\",\"isPartOf\":{\"@id\":\"https:\\\/\\\/lordandjames.com\\\/#website\"},\"datePublished\":\"2021-11-17T19:32:22+00:00\",\"dateModified\":\"2022-03-28T22:08:59+00:00\",\"breadcrumb\":{\"@id\":\"https:\\\/\\\/lordandjames.com\\\/gift-certificate\\\/check-balance\\\/#breadcrumb\"},\"inLanguage\":\"es\",\"potentialAction\":[{\"@type\":\"ReadAction\",\"target\":[\"https:\\\/\\\/lordandjames.com\\\/gift-certificate\\\/check-balance\\\/\"]}]},{\"@type\":\"BreadcrumbList\",\"@id\":\"https:\\\/\\\/lordandjames.com\\\/gift-certificate\\\/check-balance\\\/#breadcrumb\",\"itemListElement\":[{\"@type\":\"ListItem\",\"position\":1,\"name\":\"Home\",\"item\":\"https:\\\/\\\/lordandjames.com\\\/\"},{\"@type\":\"ListItem\",\"position\":2,\"name\":\"Purchase Gift Certificate\",\"item\":\"https:\\\/\\\/lordandjames.com\\\/gift-certificate\\\/\"},{\"@type\":\"ListItem\",\"position\":3,\"name\":\"Check Balance\"}]},{\"@type\":\"WebSite\",\"@id\":\"https:\\\/\\\/lordandjames.com\\\/#website\",\"url\":\"https:\\\/\\\/lordandjames.com\\\/\",\"name\":\"Lord & James\",\"description\":\"Surface Preparation Equipment\",\"publisher\":{\"@id\":\"https:\\\/\\\/lordandjames.com\\\/#organization\"},\"potentialAction\":[{\"@type\":\"SearchAction\",\"target\":{\"@type\":\"EntryPoint\",\"urlTemplate\":\"https:\\\/\\\/lordandjames.com\\\/?s={search_term_string}\"},\"query-input\":{\"@type\":\"PropertyValueSpecification\",\"valueRequired\":true,\"valueName\":\"search_term_string\"}}],\"inLanguage\":\"es\"},{\"@type\":\"Organization\",\"@id\":\"https:\\\/\\\/lordandjames.com\\\/#organization\",\"name\":\"Lord & James\",\"url\":\"https:\\\/\\\/lordandjames.com\\\/\",\"logo\":{\"@type\":\"ImageObject\",\"inLanguage\":\"es\",\"@id\":\"https:\\\/\\\/lordandjames.com\\\/#\\\/schema\\\/logo\\\/image\\\/\",\"url\":\"https:\\\/\\\/lordandjames.com\\\/wp-content\\\/uploads\\\/2021\\\/11\\\/Lord-James_logo_c.png\",\"contentUrl\":\"https:\\\/\\\/lordandjames.com\\\/wp-content\\\/uploads\\\/2021\\\/11\\\/Lord-James_logo_c.png\",\"width\":847,\"height\":715,\"caption\":\"Lord & James\"},\"image\":{\"@id\":\"https:\\\/\\\/lordandjames.com\\\/#\\\/schema\\\/logo\\\/image\\\/\"}}]}<\/script>\n<!-- \/ Yoast SEO plugin. -->","yoast_head_json":{"title":"Check Balance - Lord &amp; James","robots":{"index":"index","follow":"follow","max-snippet":"max-snippet:-1","max-image-preview":"max-image-preview:large","max-video-preview":"max-video-preview:-1"},"canonical":"https:\/\/lordandjames.com\/es\/gift-certificate\/check-balance\/","og_locale":"es_ES","og_type":"article","og_title":"Check Balance - Lord &amp; James","og_description":"Gift Cards","og_url":"https:\/\/lordandjames.com\/es\/gift-certificate\/check-balance\/","og_site_name":"Lord &amp; James","article_modified_time":"2022-03-28T22:08:59+00:00","twitter_card":"summary_large_image","twitter_misc":{"Est. reading time":"1 minuto"},"schema":{"@context":"https:\/\/schema.org","@graph":[{"@type":"WebPage","@id":"https:\/\/lordandjames.com\/gift-certificate\/check-balance\/","url":"https:\/\/lordandjames.com\/gift-certificate\/check-balance\/","name":"Check Balance - Lord &amp; James","isPartOf":{"@id":"https:\/\/lordandjames.com\/#website"},"datePublished":"2021-11-17T19:32:22+00:00","dateModified":"2022-03-28T22:08:59+00:00","breadcrumb":{"@id":"https:\/\/lordandjames.com\/gift-certificate\/check-balance\/#breadcrumb"},"inLanguage":"es","potentialAction":[{"@type":"ReadAction","target":["https:\/\/lordandjames.com\/gift-certificate\/check-balance\/"]}]},{"@type":"BreadcrumbList","@id":"https:\/\/lordandjames.com\/gift-certificate\/check-balance\/#breadcrumb","itemListElement":[{"@type":"ListItem","position":1,"name":"Home","item":"https:\/\/lordandjames.com\/"},{"@type":"ListItem","position":2,"name":"Purchase Gift Certificate","item":"https:\/\/lordandjames.com\/gift-certificate\/"},{"@type":"ListItem","position":3,"name":"Check Balance"}]},{"@type":"WebSite","@id":"https:\/\/lordandjames.com\/#website","url":"https:\/\/lordandjames.com\/","name":"Lord &amp; James","description":"Equipos de preparaci\u00f3n de superficies","publisher":{"@id":"https:\/\/lordandjames.com\/#organization"},"potentialAction":[{"@type":"SearchAction","target":{"@type":"EntryPoint","urlTemplate":"https:\/\/lordandjames.com\/?s={search_term_string}"},"query-input":{"@type":"PropertyValueSpecification","valueRequired":true,"valueName":"search_term_string"}}],"inLanguage":"es"},{"@type":"Organization","@id":"https:\/\/lordandjames.com\/#organization","name":"Lord &amp; James","url":"https:\/\/lordandjames.com\/","logo":{"@type":"ImageObject","inLanguage":"es","@id":"https:\/\/lordandjames.com\/#\/schema\/logo\/image\/","url":"https:\/\/lordandjames.com\/wp-content\/uploads\/2021\/11\/Lord-James_logo_c.png","contentUrl":"https:\/\/lordandjames.com\/wp-content\/uploads\/2021\/11\/Lord-James_logo_c.png","width":847,"height":715,"caption":"Lord & James"},"image":{"@id":"https:\/\/lordandjames.com\/#\/schema\/logo\/image\/"}}]}},"_links":{"self":[{"href":"https:\/\/lordandjames.com\/es\/wp-json\/wp\/v2\/pages\/13","targetHints":{"allow":["GET"]}}],"collection":[{"href":"https:\/\/lordandjames.com\/es\/wp-json\/wp\/v2\/pages"}],"about":[{"href":"https:\/\/lordandjames.com\/es\/wp-json\/wp\/v2\/types\/page"}],"author":[{"embeddable":true,"href":"https:\/\/lordandjames.com\/es\/wp-json\/wp\/v2\/users\/1"}],"replies":[{"embeddable":true,"href":"https:\/\/lordandjames.com\/es\/wp-json\/wp\/v2\/comments?post=13"}],"version-history":[{"count":0,"href":"https:\/\/lordandjames.com\/es\/wp-json\/wp\/v2\/pages\/13\/revisions"}],"up":[{"embeddable":true,"href":"https:\/\/lordandjames.com\/es\/wp-json\/wp\/v2\/pages\/12"}],"wp:attachment":[{"href":"https:\/\/lordandjames.com\/es\/wp-json\/wp\/v2\/media?parent=13"}],"curies":[{"name":"wp","href":"https:\/\/api.w.org\/{rel}","templated":true}]}}