{"id":12,"date":"2021-11-17T19:32:22","date_gmt":"2021-11-17T19:32:22","guid":{"rendered":"https:\/\/nationalfeprod.wpengine.com\/index.php\/gift-certificate\/"},"modified":"2025-08-07T17:40:23","modified_gmt":"2025-08-07T17:40:23","slug":"gift-certificate","status":"publish","type":"page","link":"https:\/\/lordandjames.com\/es\/gift-certificate\/","title":{"rendered":"Comprar cheque regalo"},"content":{"rendered":"\t\t<div data-elementor-type=\"wp-page\" data-elementor-id=\"12\" class=\"elementor elementor-12\" data-elementor-post-type=\"page\">\n\t\t\t\t\t\t<section class=\"elementor-section elementor-top-section elementor-element elementor-element-6e295dd elementor-section-stretched elementor-section-boxed elementor-section-height-default elementor-section-height-default\" data-id=\"6e295dd\" data-element_type=\"section\" data-e-type=\"section\" data-settings=\"{&quot;background_background&quot;:&quot;classic&quot;,&quot;stretch_section&quot;:&quot;section-stretched&quot;,&quot;background_motion_fx_motion_fx_scrolling&quot;:&quot;yes&quot;,&quot;background_motion_fx_devices&quot;:[&quot;desktop&quot;,&quot;tablet&quot;,&quot;mobile&quot;]}\">\n\t\t\t\t\t\t\t<div class=\"elementor-background-overlay\"><\/div>\n\t\t\t\t\t\t\t<div class=\"elementor-container elementor-column-gap-default\">\n\t\t\t\t\t<div class=\"elementor-column elementor-col-100 elementor-top-column elementor-element elementor-element-10d72c7 elementor-invisible\" data-id=\"10d72c7\" data-element_type=\"column\" data-e-type=\"column\" data-settings=\"{&quot;background_background&quot;:&quot;classic&quot;,&quot;animation&quot;:&quot;fadeIn&quot;}\">\n\t\t\t<div class=\"elementor-widget-wrap elementor-element-populated\">\n\t\t\t\t\t<div class=\"elementor-background-overlay\"><\/div>\n\t\t\t\t\t\t<section class=\"elementor-section elementor-inner-section elementor-element elementor-element-1c7a86c elementor-section-height-min-height elementor-section-boxed elementor-section-height-default\" data-id=\"1c7a86c\" data-element_type=\"section\" data-e-type=\"section\">\n\t\t\t\t\t\t<div class=\"elementor-container elementor-column-gap-default\">\n\t\t\t\t\t<div class=\"elementor-column elementor-col-100 elementor-inner-column elementor-element elementor-element-78c036e\" data-id=\"78c036e\" data-element_type=\"column\" data-e-type=\"column\">\n\t\t\t<div class=\"elementor-widget-wrap elementor-element-populated\">\n\t\t\t\t\t\t<div class=\"elementor-element elementor-element-e68e8d0 elementor-widget elementor-widget-heading\" data-id=\"e68e8d0\" data-element_type=\"widget\" data-e-type=\"widget\" data-widget_type=\"heading.default\">\n\t\t\t\t<div class=\"elementor-widget-container\">\n\t\t\t\t\t<h3 class=\"elementor-heading-title elementor-size-default\">Gift Cards<\/h3>\t\t\t\t<\/div>\n\t\t\t\t<\/div>\n\t\t\t\t<div class=\"elementor-element elementor-element-c9790ca elementor-invisible elementor-widget elementor-widget-heading\" data-id=\"c9790ca\" data-element_type=\"widget\" data-e-type=\"widget\" data-settings=\"{&quot;_animation&quot;:&quot;fadeIn&quot;}\" data-widget_type=\"heading.default\">\n\t\t\t\t<div class=\"elementor-widget-container\">\n\t\t\t\t\t<h1 class=\"elementor-heading-title elementor-size-default\">Purchase Gift Certificate<\/h1>\t\t\t\t<\/div>\n\t\t\t\t<\/div>\n\t\t\t\t\t<\/div>\n\t\t<\/div>\n\t\t\t\t\t<\/div>\n\t\t<\/section>\n\t\t\t\t\t<\/div>\n\t\t<\/div>\n\t\t\t\t\t<\/div>\n\t\t<\/section>\n\t\t\t\t<section class=\"elementor-section elementor-top-section elementor-element elementor-element-453cb34b elementor-section-boxed elementor-section-height-default elementor-section-height-default\" data-id=\"453cb34b\" data-element_type=\"section\" data-e-type=\"section\">\n\t\t\t\t\t\t<div class=\"elementor-container elementor-column-gap-default\">\n\t\t\t\t\t<div class=\"elementor-column elementor-col-100 elementor-top-column elementor-element elementor-element-758dc4b6\" data-id=\"758dc4b6\" data-element_type=\"column\" data-e-type=\"column\">\n\t\t\t<div class=\"elementor-widget-wrap elementor-element-populated\">\n\t\t\t\t\t\t<div class=\"elementor-element elementor-element-74c17412 elementor-widget elementor-widget-shortcode\" data-id=\"74c17412\" data-element_type=\"widget\" data-e-type=\"widget\" data-widget_type=\"shortcode.default\">\n\t\t\t\t<div class=\"elementor-widget-container\">\n\t\t\t\t\t\t\t<div class=\"elementor-shortcode\"><div class=\"bc-gift-purchase\">\n\t<section class=\"bc-gift-page\">\n\t<div class=\"bc-gift-purchase__form\">\n\t\t<form class=\"bc-form bc-form--gift-purchase \" method=\"post\">\n\t\t\t<input type=\"hidden\" id=\"_wpnonce\" name=\"_wpnonce\" value=\"0b15f9361b\" \/><input type=\"hidden\" name=\"_wp_http_referer\" value=\"\/es\/wp-json\/wp\/v2\/pages\/12\" \/>\t\t\t<input type=\"hidden\" name=\"bc-action\" value=\"gift-purchase\" \/>\n\n\t\t\t<div class=\"bc-form__row\">\n\t\t\t\t<div class=\"bc-form__col\">\n\t\t\t\t\t<fieldset class=\"bc-form__field-group\">\n\t\t\t\t\t\t<label for=\"bc-gift-purchase-sender-name\" class=\"bc-form__control \">\n\t\t\t\t\t\t\t<span class=\"bc-form__label bc-gift-purchase__form-label bc-form-control-required\">Tu nombre<\/span>\n\t\t\t\t\t\t\t<input type=\"text\" name=\"bc-gift-purchase[sender-name]\" id=\"bc-gift-purchase-sender-name\" value=\"\" data-form-field=\"bc-form-field-sender-name\" \/>\n\t\t\t\t\t\t<\/label>\n\t\t\t\t\t\t<label for=\"bc-gift-purchase-sender-email\" class=\"bc-form__control \">\n\t\t\t\t\t\t\t<span class=\"bc-form__label bc-gift-purchase__form-label bc-form-control-required\">Your Email<\/span>\n\t\t\t\t\t\t\t<input type=\"text\" name=\"bc-gift-purchase[sender-email]\" id=\"bc-gift-purchase-sender-email\" value=\"\" data-form-field=\"bc-form-field-sender-email\" \/>\n\t\t\t\t\t\t<\/label>\n\t\t\t\t\t<\/fieldset>\n\t\t\t\t\t<fieldset class=\"bc-form__field-group\">\n\t\t\t\t\t\t<label for=\"bc-gift-purchase-recipient-name\" class=\"bc-form__control \">\n\t\t\t\t\t\t\t<span class=\"bc-form__label bc-gift-purchase__form-label bc-form-control-required\">Nombre del destinatario<\/span>\n\t\t\t\t\t\t\t<input type=\"text\" name=\"bc-gift-purchase[recipient-name]\" id=\"bc-gift-purchase-recipient-name\" value=\"\" data-form-field=\"bc-form-field-recipient-name\" \/>\n\t\t\t\t\t\t<\/label>\n\t\t\t\t\t\t<label for=\"bc-gift-purchase-recipient-email\" class=\"bc-form__control \">\n\t\t\t\t\t\t\t<span class=\"bc-form__label bc-gift-purchase__form-label bc-form-control-required\">Correo electr\u00f3nico del destinatario<\/span>\n\t\t\t\t\t\t\t<input type=\"text\" name=\"bc-gift-purchase[recipient-email]\" id=\"bc-gift-purchase-recipient-email\" value=\"\" data-form-field=\"bc-form-field-recipient-email\" \/>\n\t\t\t\t\t\t<\/label>\n\t\t\t\t\t<\/fieldset>\n\t\t\t\t<\/div>\n\n\t\t\t\t<div class=\"bc-form__col\">\n\t\t\t\t\t<label for=\"bc-gift-purchase-amount\" class=\"bc-form__control \">\n\t\t\t\t\t\t<span class=\"bc-form__label bc-gift-purchase__form-label bc-form-control-required\">Cantidad<\/span>\n\t\t\t\t\t\t<input type=\"text\" name=\"bc-gift-purchase[amount]\" id=\"bc-gift-purchase-amount\" value=\"\" data-form-field=\"bc-form-field-amount\" \/>\n\t\t\t\t\t<\/label>\n\t\t\t\t\t<label for=\"bc-gift-purchase-message\" class=\"bc-form__control \">\n\t\t\t\t\t\t<span class=\"bc-form__label bc-gift-purchase__form-label\">Mensaje opcional<\/span>\n\t\t\t\t\t\t<textarea name=\"bc-gift-purchase[message]\" id=\"bc-gift-purchase-message\" data-form-field=\"bc-form-field-message\"><\/textarea>\n\t\t\t\t\t<\/label>\n\n\t\t\t\t\t\t\t\t\t\t\t<label for=\"bc-gift-purchase-theme\" class=\"bc-form__control \">\n\t\t\t\t\t\t\t<span class=\"bc-form__label bc-gift-purchase__form-label\">Tema del certificado de regalo<\/span>\n\t\t\t\t\t\t\t<select name=\"bc-gift-purchase[theme]\" id=\"bc-gift-purchase-theme\" data-form-field=\"bc-form-field-theme\">\n\t\t\t\t\t\t\t\t\t\t\t\t\t\t\t\t\t<option value=\"Boy.html\" >Ni\u00f1o<\/option>\n\t\t\t\t\t\t\t\t\t\t\t\t\t\t\t\t\t<option value=\"Celebration.html\" >Celebraci\u00f3n<\/option>\n\t\t\t\t\t\t\t\t\t\t\t\t\t\t\t\t\t<option value=\"Christmas.html\" >Navidad<\/option>\n\t\t\t\t\t\t\t\t\t\t\t\t\t\t\t\t\t<option value=\"General.html\"  selected='selected'>General<\/option>\n\t\t\t\t\t\t\t\t\t\t\t\t\t\t\t\t\t<option value=\"Girl.html\" >Ni\u00f1a<\/option>\n\t\t\t\t\t\t\t\t\t\t\t\t\t\t\t\t\t<option value=\"Birthday.html\" >Cumplea\u00f1os<\/option>\n\t\t\t\t\t\t\t\t\t\t\t\t\t\t\t<\/select>\n\t\t\t\t\t\t<\/label>\n\t\t\t\t\t\t\t\t\t<\/div>\n\t\t\t<\/div>\n\n\t\t\t<div class=\"bc-form-terms\">\n\t\t\t\t<label for=\"bc-gift-purchase-terms\" class=\"bc-form__control bc-form__control--checkbox \">\n\t\t\t\t\t<input type=\"checkbox\" name=\"bc-gift-purchase[terms]\" id=\"bc-gift-purchase-terms\" value=\"1\" data-form-field=\"bc-form-field-terms\" \/>\n\t\t\t\t\t<span class=\"bc-form__label bc-gift-purchase__form-label bc-form-control-required\">Acepto que los certificados de regalo no son reembolsables.<\/span>\n\t\t\t\t<\/label>\n\t\t\t<\/div>\n\n\t\t\t<div class=\"bc-form__actions bc-form__actions--left bc-gift-purchase__actions\">\n\t\t\t\t<button class=\"bc-btn bc-gift-purchase-form-submit\" aria-label=\"\" type=\"submit\" data-js=\"bc-gift-purchase-form-save\">Comprar ahora<\/button>\n\t\t\t<\/div>\n\t\t<\/form>\n\t<\/div>\n<\/section>\n\t<aside class=\"bc-gift-instructions\">\n\t<h3>C\u00f3mo canjear certificados de regalo<\/h3>\n\t<p>Para canjear un certificado de regalo, sigue estos pasos:<\/p>\n\t<ol>\n\t\t<li>Necesitas tu c\u00f3digo de certificado de regalo \u00fanico, que es parte del certificado de regalo que se te envi\u00f3 por correo electr\u00f3nico como archivo adjunto. Se ver\u00e1 algo as\u00ed como Z50-Y6K-COS-402.<\/li>\n\t\t<li>Browse the store and add items to your cart.<\/li>\n\t\t<li>Visita el carrito para ver los art\u00edculos que has seleccionado para comprar.<\/li>\n\t\t<li>Click &quot;Process to Checkout&quot;.<\/li>\n\t\t<li>Type your gift certificate code into the &quot;Promo\/Gift Certificate&quot; box and click &quot;Apply&quot; to apply the balance.<\/li>\n\t<\/ol>\n<\/aside>\n<\/div>\n <\/div>\n\t\t\t\t\t\t<\/div>\n\t\t\t\t<\/div>\n\t\t\t\t\t<\/div>\n\t\t<\/div>\n\t\t\t\t\t<\/div>\n\t\t<\/section>\n\t\t\t\t<\/div>\n\t\t","protected":false},"excerpt":{"rendered":"<p>Tarjetas regalo<\/p>","protected":false},"author":1,"featured_media":0,"parent":0,"menu_order":0,"comment_status":"closed","ping_status":"closed","template":"","meta":{"_acf_changed":false,"footnotes":""},"class_list":["post-12","page","type-page","status-publish","hentry"],"acf":[],"yoast_head":"<!-- This site is optimized with the Yoast SEO plugin v27.5 - https:\/\/yoast.com\/product\/yoast-seo-wordpress\/ -->\n<title>Purchase Gift Certificate - Lord &amp; James<\/title>\n<meta name=\"robots\" content=\"index, follow, max-snippet:-1, max-image-preview:large, max-video-preview:-1\" \/>\n<link rel=\"canonical\" href=\"https:\/\/lordandjames.com\/es\/gift-certificate\/\" \/>\n<meta property=\"og:locale\" content=\"es_ES\" \/>\n<meta property=\"og:type\" content=\"article\" \/>\n<meta property=\"og:title\" content=\"Purchase Gift Certificate - Lord &amp; James\" \/>\n<meta property=\"og:description\" content=\"Gift Cards\" \/>\n<meta property=\"og:url\" content=\"https:\/\/lordandjames.com\/es\/gift-certificate\/\" \/>\n<meta property=\"og:site_name\" content=\"Lord &amp; James\" \/>\n<meta property=\"article:modified_time\" content=\"2025-08-07T17:40:23+00:00\" \/>\n<meta name=\"twitter:card\" content=\"summary_large_image\" \/>\n<meta name=\"twitter:label1\" content=\"Est. reading time\" \/>\n\t<meta name=\"twitter:data1\" content=\"1 minuto\" \/>\n<script type=\"application\/ld+json\" class=\"yoast-schema-graph\">{\"@context\":\"https:\\\/\\\/schema.org\",\"@graph\":[{\"@type\":\"WebPage\",\"@id\":\"https:\\\/\\\/lordandjames.com\\\/gift-certificate\\\/\",\"url\":\"https:\\\/\\\/lordandjames.com\\\/gift-certificate\\\/\",\"name\":\"Purchase Gift Certificate - Lord &amp; James\",\"isPartOf\":{\"@id\":\"https:\\\/\\\/lordandjames.com\\\/#website\"},\"datePublished\":\"2021-11-17T19:32:22+00:00\",\"dateModified\":\"2025-08-07T17:40:23+00:00\",\"breadcrumb\":{\"@id\":\"https:\\\/\\\/lordandjames.com\\\/gift-certificate\\\/#breadcrumb\"},\"inLanguage\":\"es\",\"potentialAction\":[{\"@type\":\"ReadAction\",\"target\":[\"https:\\\/\\\/lordandjames.com\\\/gift-certificate\\\/\"]}]},{\"@type\":\"BreadcrumbList\",\"@id\":\"https:\\\/\\\/lordandjames.com\\\/gift-certificate\\\/#breadcrumb\",\"itemListElement\":[{\"@type\":\"ListItem\",\"position\":1,\"name\":\"Home\",\"item\":\"https:\\\/\\\/lordandjames.com\\\/\"},{\"@type\":\"ListItem\",\"position\":2,\"name\":\"Purchase Gift Certificate\"}]},{\"@type\":\"WebSite\",\"@id\":\"https:\\\/\\\/lordandjames.com\\\/#website\",\"url\":\"https:\\\/\\\/lordandjames.com\\\/\",\"name\":\"Lord & James\",\"description\":\"Surface Preparation Equipment\",\"publisher\":{\"@id\":\"https:\\\/\\\/lordandjames.com\\\/#organization\"},\"potentialAction\":[{\"@type\":\"SearchAction\",\"target\":{\"@type\":\"EntryPoint\",\"urlTemplate\":\"https:\\\/\\\/lordandjames.com\\\/?s={search_term_string}\"},\"query-input\":{\"@type\":\"PropertyValueSpecification\",\"valueRequired\":true,\"valueName\":\"search_term_string\"}}],\"inLanguage\":\"es\"},{\"@type\":\"Organization\",\"@id\":\"https:\\\/\\\/lordandjames.com\\\/#organization\",\"name\":\"Lord & James\",\"url\":\"https:\\\/\\\/lordandjames.com\\\/\",\"logo\":{\"@type\":\"ImageObject\",\"inLanguage\":\"es\",\"@id\":\"https:\\\/\\\/lordandjames.com\\\/#\\\/schema\\\/logo\\\/image\\\/\",\"url\":\"https:\\\/\\\/lordandjames.com\\\/wp-content\\\/uploads\\\/2021\\\/11\\\/Lord-James_logo_c.png\",\"contentUrl\":\"https:\\\/\\\/lordandjames.com\\\/wp-content\\\/uploads\\\/2021\\\/11\\\/Lord-James_logo_c.png\",\"width\":847,\"height\":715,\"caption\":\"Lord & James\"},\"image\":{\"@id\":\"https:\\\/\\\/lordandjames.com\\\/#\\\/schema\\\/logo\\\/image\\\/\"}}]}<\/script>\n<!-- \/ Yoast SEO plugin. -->","yoast_head_json":{"title":"Purchase Gift Certificate - Lord &amp; James","robots":{"index":"index","follow":"follow","max-snippet":"max-snippet:-1","max-image-preview":"max-image-preview:large","max-video-preview":"max-video-preview:-1"},"canonical":"https:\/\/lordandjames.com\/es\/gift-certificate\/","og_locale":"es_ES","og_type":"article","og_title":"Purchase Gift Certificate - Lord &amp; James","og_description":"Gift Cards","og_url":"https:\/\/lordandjames.com\/es\/gift-certificate\/","og_site_name":"Lord &amp; James","article_modified_time":"2025-08-07T17:40:23+00:00","twitter_card":"summary_large_image","twitter_misc":{"Est. reading time":"1 minuto"},"schema":{"@context":"https:\/\/schema.org","@graph":[{"@type":"WebPage","@id":"https:\/\/lordandjames.com\/gift-certificate\/","url":"https:\/\/lordandjames.com\/gift-certificate\/","name":"Purchase Gift Certificate - Lord &amp; James","isPartOf":{"@id":"https:\/\/lordandjames.com\/#website"},"datePublished":"2021-11-17T19:32:22+00:00","dateModified":"2025-08-07T17:40:23+00:00","breadcrumb":{"@id":"https:\/\/lordandjames.com\/gift-certificate\/#breadcrumb"},"inLanguage":"es","potentialAction":[{"@type":"ReadAction","target":["https:\/\/lordandjames.com\/gift-certificate\/"]}]},{"@type":"BreadcrumbList","@id":"https:\/\/lordandjames.com\/gift-certificate\/#breadcrumb","itemListElement":[{"@type":"ListItem","position":1,"name":"Home","item":"https:\/\/lordandjames.com\/"},{"@type":"ListItem","position":2,"name":"Purchase Gift Certificate"}]},{"@type":"WebSite","@id":"https:\/\/lordandjames.com\/#website","url":"https:\/\/lordandjames.com\/","name":"Lord &amp; James","description":"Equipos de preparaci\u00f3n de superficies","publisher":{"@id":"https:\/\/lordandjames.com\/#organization"},"potentialAction":[{"@type":"SearchAction","target":{"@type":"EntryPoint","urlTemplate":"https:\/\/lordandjames.com\/?s={search_term_string}"},"query-input":{"@type":"PropertyValueSpecification","valueRequired":true,"valueName":"search_term_string"}}],"inLanguage":"es"},{"@type":"Organization","@id":"https:\/\/lordandjames.com\/#organization","name":"Lord &amp; James","url":"https:\/\/lordandjames.com\/","logo":{"@type":"ImageObject","inLanguage":"es","@id":"https:\/\/lordandjames.com\/#\/schema\/logo\/image\/","url":"https:\/\/lordandjames.com\/wp-content\/uploads\/2021\/11\/Lord-James_logo_c.png","contentUrl":"https:\/\/lordandjames.com\/wp-content\/uploads\/2021\/11\/Lord-James_logo_c.png","width":847,"height":715,"caption":"Lord & James"},"image":{"@id":"https:\/\/lordandjames.com\/#\/schema\/logo\/image\/"}}]}},"_links":{"self":[{"href":"https:\/\/lordandjames.com\/es\/wp-json\/wp\/v2\/pages\/12","targetHints":{"allow":["GET"]}}],"collection":[{"href":"https:\/\/lordandjames.com\/es\/wp-json\/wp\/v2\/pages"}],"about":[{"href":"https:\/\/lordandjames.com\/es\/wp-json\/wp\/v2\/types\/page"}],"author":[{"embeddable":true,"href":"https:\/\/lordandjames.com\/es\/wp-json\/wp\/v2\/users\/1"}],"replies":[{"embeddable":true,"href":"https:\/\/lordandjames.com\/es\/wp-json\/wp\/v2\/comments?post=12"}],"version-history":[{"count":0,"href":"https:\/\/lordandjames.com\/es\/wp-json\/wp\/v2\/pages\/12\/revisions"}],"wp:attachment":[{"href":"https:\/\/lordandjames.com\/es\/wp-json\/wp\/v2\/media?parent=12"}],"curies":[{"name":"wp","href":"https:\/\/api.w.org\/{rel}","templated":true}]}}