{"id":10957114,"date":"2025-07-03T03:03:27","date_gmt":"2025-07-03T03:03:27","guid":{"rendered":"https:\/\/lordandjames.com\/shipping-returns-3\/"},"modified":"2025-08-05T17:11:46","modified_gmt":"2025-08-05T17:11:46","slug":"shipping-returns","status":"publish","type":"page","link":"https:\/\/lordandjames.com\/de\/shipping-returns\/","title":{"rendered":"Versand und R\u00fcckgabe"},"content":{"rendered":"<div data-elementor-type=\"wp-page\" data-elementor-id=\"10957114\" class=\"elementor elementor-10957114\" data-elementor-post-type=\"page\">\n\t\t\t\t\t\t<section class=\"elementor-section elementor-top-section elementor-element elementor-element-a7accae elementor-section-boxed elementor-section-height-default elementor-section-height-default\" data-id=\"a7accae\" data-element_type=\"section\" data-e-type=\"section\">\n\t\t\t\t\t\t<div class=\"elementor-container elementor-column-gap-default\">\n\t\t\t\t\t<div class=\"elementor-column elementor-col-100 elementor-top-column elementor-element elementor-element-2a318ef\" data-id=\"2a318ef\" data-element_type=\"column\" data-e-type=\"column\">\n\t\t\t<div class=\"elementor-widget-wrap elementor-element-populated\">\n\t\t\t\t\t\t<div class=\"elementor-element elementor-element-c010769 elementor-widget elementor-widget-text-editor\" data-id=\"c010769\" data-element_type=\"widget\" data-e-type=\"widget\" data-widget_type=\"text-editor.default\">\n\t\t\t\t<div class=\"elementor-widget-container\">\n\t\t\t\t\t\t\t\t\t<h3>Versand<\/h3><p>Das Ankunftsdatum Ihrer Sendung h\u00e4ngt von der beim Checkout gew\u00e4hlten Methode ab.  Innerhalb von 24 Stunden nach Ihrer Bestellung werden wir Sie kontaktieren, um Ihnen mitzuteilen, ob es eine Verz\u00f6gerung bei einem von Ihnen bestellten Artikel gibt. Wir halten unseren Bestand in den Regalen und versandfertig, so dass eine solche Verz\u00f6gerung unwahrscheinlich ist.<\/p><h3>Besch\u00e4digte Sendungen<\/h3><p>Falls eine Sendung besch\u00e4digt ankommt, m\u00fcssen Sie Ihre Reklamation innerhalb von 3 Werktagen nach Erhalt der Ware einreichen. Wenden Sie sich an den Kundendienst, um Ihren Anspruch geltend zu machen: sales@lordandjames.com.<\/p><h3>R\u00fcckgabe<\/h3><div>Alle R\u00fcckgabeantr\u00e4ge m\u00fcssen innerhalb von 30 Tagen nach Erhalt der Sendung gestellt werden. Mindestens 25% Wiedereinlagerungsgeb\u00fchr f\u00fcr alle zur\u00fcckgegebenen Waren. Bestellungen, die \u00e4lter als 30 Tage nach Erhalt sind, k\u00f6nnen nicht zur\u00fcckgegeben werden.<\/div><h3>\u00a0<\/h3>\t\t\t\t\t\t\t\t<\/div>\n\t\t\t\t<\/div>\n\t\t\t\t\t<\/div>\n\t\t<\/div>\n\t\t\t\t\t<\/div>\n\t\t<\/section>\n\t\t\t\t<\/div>","protected":false},"excerpt":{"rendered":"<p>Shipping Your shipment arrival date will depend on the method chosen during checkout.\u00a0 Within business 24 hours of placing your order, we will contact you to let you know if there is a delay for any item you have ordered. We keep inventory on shelves and ready-to-ship, so this is an unlikely delay. Damaged Shipments [&hellip;]<\/p>\n","protected":false},"author":1,"featured_media":0,"parent":0,"menu_order":0,"comment_status":"closed","ping_status":"closed","template":"","meta":{"_acf_changed":false,"footnotes":""},"class_list":["post-10957114","page","type-page","status-publish","hentry"],"acf":[],"yoast_head":"<!-- This site is optimized with the Yoast SEO plugin v27.5 - https:\/\/yoast.com\/product\/yoast-seo-wordpress\/ -->\n<title>Shipping &amp; Returns - Lord &amp; James<\/title>\n<meta name=\"robots\" content=\"index, follow, max-snippet:-1, max-image-preview:large, max-video-preview:-1\" \/>\n<link rel=\"canonical\" href=\"https:\/\/lordandjames.com\/de\/shipping-returns\/\" \/>\n<meta property=\"og:locale\" content=\"de_DE\" \/>\n<meta property=\"og:type\" content=\"article\" \/>\n<meta property=\"og:title\" content=\"Shipping &amp; Returns - Lord &amp; James\" \/>\n<meta property=\"og:description\" content=\"Shipping Your shipment arrival date will depend on the method chosen during checkout.\u00a0 Within business 24 hours of placing your order, we will contact you to let you know if there is a delay for any item you have ordered. We keep inventory on shelves and ready-to-ship, so this is an unlikely delay. Damaged Shipments [&hellip;]\" \/>\n<meta property=\"og:url\" content=\"https:\/\/lordandjames.com\/de\/shipping-returns\/\" \/>\n<meta property=\"og:site_name\" content=\"Lord &amp; James\" \/>\n<meta property=\"article:modified_time\" content=\"2025-08-05T17:11:46+00:00\" \/>\n<meta name=\"twitter:card\" content=\"summary_large_image\" \/>\n<meta name=\"twitter:label1\" content=\"Est. reading time\" \/>\n\t<meta name=\"twitter:data1\" content=\"1\u00a0Minute\" \/>\n<script type=\"application\/ld+json\" class=\"yoast-schema-graph\">{\"@context\":\"https:\\\/\\\/schema.org\",\"@graph\":[{\"@type\":\"WebPage\",\"@id\":\"https:\\\/\\\/lordandjames.com\\\/shipping-returns\\\/\",\"url\":\"https:\\\/\\\/lordandjames.com\\\/shipping-returns\\\/\",\"name\":\"Shipping & Returns - Lord &amp; James\",\"isPartOf\":{\"@id\":\"https:\\\/\\\/lordandjames.com\\\/#website\"},\"datePublished\":\"2025-07-03T03:03:27+00:00\",\"dateModified\":\"2025-08-05T17:11:46+00:00\",\"breadcrumb\":{\"@id\":\"https:\\\/\\\/lordandjames.com\\\/shipping-returns\\\/#breadcrumb\"},\"inLanguage\":\"de\",\"potentialAction\":[{\"@type\":\"ReadAction\",\"target\":[\"https:\\\/\\\/lordandjames.com\\\/shipping-returns\\\/\"]}]},{\"@type\":\"BreadcrumbList\",\"@id\":\"https:\\\/\\\/lordandjames.com\\\/shipping-returns\\\/#breadcrumb\",\"itemListElement\":[{\"@type\":\"ListItem\",\"position\":1,\"name\":\"Home\",\"item\":\"https:\\\/\\\/lordandjames.com\\\/\"},{\"@type\":\"ListItem\",\"position\":2,\"name\":\"Shipping &#038; Returns\"}]},{\"@type\":\"WebSite\",\"@id\":\"https:\\\/\\\/lordandjames.com\\\/#website\",\"url\":\"https:\\\/\\\/lordandjames.com\\\/\",\"name\":\"Lord & James\",\"description\":\"Surface Preparation Equipment\",\"publisher\":{\"@id\":\"https:\\\/\\\/lordandjames.com\\\/#organization\"},\"potentialAction\":[{\"@type\":\"SearchAction\",\"target\":{\"@type\":\"EntryPoint\",\"urlTemplate\":\"https:\\\/\\\/lordandjames.com\\\/?s={search_term_string}\"},\"query-input\":{\"@type\":\"PropertyValueSpecification\",\"valueRequired\":true,\"valueName\":\"search_term_string\"}}],\"inLanguage\":\"de\"},{\"@type\":\"Organization\",\"@id\":\"https:\\\/\\\/lordandjames.com\\\/#organization\",\"name\":\"Lord & James\",\"url\":\"https:\\\/\\\/lordandjames.com\\\/\",\"logo\":{\"@type\":\"ImageObject\",\"inLanguage\":\"de\",\"@id\":\"https:\\\/\\\/lordandjames.com\\\/#\\\/schema\\\/logo\\\/image\\\/\",\"url\":\"https:\\\/\\\/lordandjames.com\\\/wp-content\\\/uploads\\\/2021\\\/11\\\/Lord-James_logo_c.png\",\"contentUrl\":\"https:\\\/\\\/lordandjames.com\\\/wp-content\\\/uploads\\\/2021\\\/11\\\/Lord-James_logo_c.png\",\"width\":847,\"height\":715,\"caption\":\"Lord & James\"},\"image\":{\"@id\":\"https:\\\/\\\/lordandjames.com\\\/#\\\/schema\\\/logo\\\/image\\\/\"}}]}<\/script>\n<!-- \/ Yoast SEO plugin. -->","yoast_head_json":{"title":"Shipping & Returns - Lord &amp; James","robots":{"index":"index","follow":"follow","max-snippet":"max-snippet:-1","max-image-preview":"max-image-preview:large","max-video-preview":"max-video-preview:-1"},"canonical":"https:\/\/lordandjames.com\/de\/shipping-returns\/","og_locale":"de_DE","og_type":"article","og_title":"Shipping & Returns - Lord &amp; James","og_description":"Shipping Your shipment arrival date will depend on the method chosen during checkout.\u00a0 Within business 24 hours of placing your order, we will contact you to let you know if there is a delay for any item you have ordered. We keep inventory on shelves and ready-to-ship, so this is an unlikely delay. Damaged Shipments [&hellip;]","og_url":"https:\/\/lordandjames.com\/de\/shipping-returns\/","og_site_name":"Lord &amp; James","article_modified_time":"2025-08-05T17:11:46+00:00","twitter_card":"summary_large_image","twitter_misc":{"Est. reading time":"1\u00a0Minute"},"schema":{"@context":"https:\/\/schema.org","@graph":[{"@type":"WebPage","@id":"https:\/\/lordandjames.com\/shipping-returns\/","url":"https:\/\/lordandjames.com\/shipping-returns\/","name":"Shipping & Returns - Lord &amp; James","isPartOf":{"@id":"https:\/\/lordandjames.com\/#website"},"datePublished":"2025-07-03T03:03:27+00:00","dateModified":"2025-08-05T17:11:46+00:00","breadcrumb":{"@id":"https:\/\/lordandjames.com\/shipping-returns\/#breadcrumb"},"inLanguage":"de","potentialAction":[{"@type":"ReadAction","target":["https:\/\/lordandjames.com\/shipping-returns\/"]}]},{"@type":"BreadcrumbList","@id":"https:\/\/lordandjames.com\/shipping-returns\/#breadcrumb","itemListElement":[{"@type":"ListItem","position":1,"name":"Home","item":"https:\/\/lordandjames.com\/"},{"@type":"ListItem","position":2,"name":"Shipping &#038; Returns"}]},{"@type":"WebSite","@id":"https:\/\/lordandjames.com\/#website","url":"https:\/\/lordandjames.com\/","name":"Lord &amp; James","description":"Ausr\u00fcstung f\u00fcr die Oberfl\u00e4chenvorbereitung","publisher":{"@id":"https:\/\/lordandjames.com\/#organization"},"potentialAction":[{"@type":"SearchAction","target":{"@type":"EntryPoint","urlTemplate":"https:\/\/lordandjames.com\/?s={search_term_string}"},"query-input":{"@type":"PropertyValueSpecification","valueRequired":true,"valueName":"search_term_string"}}],"inLanguage":"de"},{"@type":"Organization","@id":"https:\/\/lordandjames.com\/#organization","name":"Lord &amp; James","url":"https:\/\/lordandjames.com\/","logo":{"@type":"ImageObject","inLanguage":"de","@id":"https:\/\/lordandjames.com\/#\/schema\/logo\/image\/","url":"https:\/\/lordandjames.com\/wp-content\/uploads\/2021\/11\/Lord-James_logo_c.png","contentUrl":"https:\/\/lordandjames.com\/wp-content\/uploads\/2021\/11\/Lord-James_logo_c.png","width":847,"height":715,"caption":"Lord & James"},"image":{"@id":"https:\/\/lordandjames.com\/#\/schema\/logo\/image\/"}}]}},"_links":{"self":[{"href":"https:\/\/lordandjames.com\/de\/wp-json\/wp\/v2\/pages\/10957114","targetHints":{"allow":["GET"]}}],"collection":[{"href":"https:\/\/lordandjames.com\/de\/wp-json\/wp\/v2\/pages"}],"about":[{"href":"https:\/\/lordandjames.com\/de\/wp-json\/wp\/v2\/types\/page"}],"author":[{"embeddable":true,"href":"https:\/\/lordandjames.com\/de\/wp-json\/wp\/v2\/users\/1"}],"replies":[{"embeddable":true,"href":"https:\/\/lordandjames.com\/de\/wp-json\/wp\/v2\/comments?post=10957114"}],"version-history":[{"count":0,"href":"https:\/\/lordandjames.com\/de\/wp-json\/wp\/v2\/pages\/10957114\/revisions"}],"wp:attachment":[{"href":"https:\/\/lordandjames.com\/de\/wp-json\/wp\/v2\/media?parent=10957114"}],"curies":[{"name":"wp","href":"https:\/\/api.w.org\/{rel}","templated":true}]}}