{"id":10,"date":"2021-11-17T19:32:22","date_gmt":"2021-11-17T19:32:22","guid":{"rendered":"https:\/\/nationalfeprod.wpengine.com\/index.php\/checkout-complete\/"},"modified":"2022-03-28T22:22:10","modified_gmt":"2022-03-28T22:22:10","slug":"checkout-complete","status":"publish","type":"page","link":"https:\/\/lordandjames.com\/de\/checkout-complete\/","title":{"rendered":"Checkout abgeschlossen"},"content":{"rendered":"\t\t<div data-elementor-type=\"wp-page\" data-elementor-id=\"10\" class=\"elementor elementor-10\" data-elementor-post-type=\"page\">\n\t\t\t\t\t\t<section class=\"elementor-section elementor-top-section elementor-element elementor-element-a72e6ab elementor-section-stretched elementor-section-boxed elementor-section-height-default elementor-section-height-default\" data-id=\"a72e6ab\" data-element_type=\"section\" data-e-type=\"section\" data-settings=\"{&quot;background_background&quot;:&quot;classic&quot;,&quot;stretch_section&quot;:&quot;section-stretched&quot;,&quot;background_motion_fx_motion_fx_scrolling&quot;:&quot;yes&quot;,&quot;background_motion_fx_devices&quot;:[&quot;desktop&quot;,&quot;tablet&quot;,&quot;mobile&quot;]}\">\n\t\t\t\t\t\t\t<div class=\"elementor-background-overlay\"><\/div>\n\t\t\t\t\t\t\t<div class=\"elementor-container elementor-column-gap-default\">\n\t\t\t\t\t<div class=\"elementor-column elementor-col-100 elementor-top-column elementor-element elementor-element-3691d4c elementor-invisible\" data-id=\"3691d4c\" data-element_type=\"column\" data-e-type=\"column\" data-settings=\"{&quot;background_background&quot;:&quot;classic&quot;,&quot;animation&quot;:&quot;fadeIn&quot;}\">\n\t\t\t<div class=\"elementor-widget-wrap elementor-element-populated\">\n\t\t\t\t\t<div class=\"elementor-background-overlay\"><\/div>\n\t\t\t\t\t\t<section class=\"elementor-section elementor-inner-section elementor-element elementor-element-4d288bb elementor-section-height-min-height elementor-section-boxed elementor-section-height-default\" data-id=\"4d288bb\" data-element_type=\"section\" data-e-type=\"section\">\n\t\t\t\t\t\t<div class=\"elementor-container elementor-column-gap-default\">\n\t\t\t\t\t<div class=\"elementor-column elementor-col-100 elementor-inner-column elementor-element elementor-element-925bbbd\" data-id=\"925bbbd\" data-element_type=\"column\" data-e-type=\"column\">\n\t\t\t<div class=\"elementor-widget-wrap elementor-element-populated\">\n\t\t\t\t\t\t<div class=\"elementor-element elementor-element-5f59f10 elementor-widget elementor-widget-heading\" data-id=\"5f59f10\" data-element_type=\"widget\" data-e-type=\"widget\" data-widget_type=\"heading.default\">\n\t\t\t\t<div class=\"elementor-widget-container\">\n\t\t\t\t\t<h3 class=\"elementor-heading-title elementor-size-default\">Thank You<\/h3>\t\t\t\t<\/div>\n\t\t\t\t<\/div>\n\t\t\t\t<div class=\"elementor-element elementor-element-9a9e74a elementor-invisible elementor-widget elementor-widget-heading\" data-id=\"9a9e74a\" data-element_type=\"widget\" data-e-type=\"widget\" data-settings=\"{&quot;_animation&quot;:&quot;fadeIn&quot;}\" data-widget_type=\"heading.default\">\n\t\t\t\t<div class=\"elementor-widget-container\">\n\t\t\t\t\t<h1 class=\"elementor-heading-title elementor-size-default\">Checkout Complete<\/h1>\t\t\t\t<\/div>\n\t\t\t\t<\/div>\n\t\t\t\t\t<\/div>\n\t\t<\/div>\n\t\t\t\t\t<\/div>\n\t\t<\/section>\n\t\t\t\t\t<\/div>\n\t\t<\/div>\n\t\t\t\t\t<\/div>\n\t\t<\/section>\n\t\t\t\t<section class=\"elementor-section elementor-top-section elementor-element elementor-element-76139851 elementor-section-boxed elementor-section-height-default elementor-section-height-default\" data-id=\"76139851\" data-element_type=\"section\" data-e-type=\"section\">\n\t\t\t\t\t\t<div class=\"elementor-container elementor-column-gap-default\">\n\t\t\t\t\t<div class=\"elementor-column elementor-col-100 elementor-top-column elementor-element elementor-element-4d3e9f12\" data-id=\"4d3e9f12\" data-element_type=\"column\" data-e-type=\"column\">\n\t\t\t<div class=\"elementor-widget-wrap elementor-element-populated\">\n\t\t\t\t\t\t<div class=\"elementor-element elementor-element-3f483b40 elementor-widget elementor-widget-text-editor\" data-id=\"3f483b40\" data-element_type=\"widget\" data-e-type=\"widget\" data-widget_type=\"text-editor.default\">\n\t\t\t\t<div class=\"elementor-widget-container\">\n\t\t\t\t\t\t\t\t\t<p><strong>Thanks for your order!<\/strong><\/p><p>We&#8217;ve received your order and will begin processing it right away. For your records, an email confirmation has been sent. It contains details of the items you purchased and also a tracking number (if applicable).<\/p>\t\t\t\t\t\t\t\t<\/div>\n\t\t\t\t<\/div>\n\t\t\t\t\t<\/div>\n\t\t<\/div>\n\t\t\t\t\t<\/div>\n\t\t<\/section>\n\t\t\t\t<\/div>\n\t\t","protected":false},"excerpt":{"rendered":"<p>Thank You Thanks for your order! We&#8217;ve received your order and will begin processing it right away. For your records, an email confirmation has been sent. It contains details of the items you purchased and also a tracking number (if applicable).<\/p>","protected":false},"author":1,"featured_media":0,"parent":0,"menu_order":0,"comment_status":"closed","ping_status":"closed","template":"","meta":{"_acf_changed":false,"footnotes":""},"class_list":["post-10","page","type-page","status-publish","hentry"],"acf":[],"yoast_head":"<!-- This site is optimized with the Yoast SEO plugin v27.5 - https:\/\/yoast.com\/product\/yoast-seo-wordpress\/ -->\n<title>Checkout Complete - Lord &amp; James<\/title>\n<meta name=\"robots\" content=\"index, follow, max-snippet:-1, max-image-preview:large, max-video-preview:-1\" \/>\n<link rel=\"canonical\" href=\"https:\/\/lordandjames.com\/de\/checkout-complete\/\" \/>\n<meta property=\"og:locale\" content=\"de_DE\" \/>\n<meta property=\"og:type\" content=\"article\" \/>\n<meta property=\"og:title\" content=\"Checkout Complete - Lord &amp; James\" \/>\n<meta property=\"og:description\" content=\"Thank You Thanks for your order! We&#8217;ve received your order and will begin processing it right away. For your records, an email confirmation has been sent. It contains details of the items you purchased and also a tracking number (if applicable).\" \/>\n<meta property=\"og:url\" content=\"https:\/\/lordandjames.com\/de\/checkout-complete\/\" \/>\n<meta property=\"og:site_name\" content=\"Lord &amp; James\" \/>\n<meta property=\"article:modified_time\" content=\"2022-03-28T22:22:10+00:00\" \/>\n<meta name=\"twitter:card\" content=\"summary_large_image\" \/>\n<meta name=\"twitter:label1\" content=\"Est. reading time\" \/>\n\t<meta name=\"twitter:data1\" content=\"1\u00a0Minute\" \/>\n<script type=\"application\/ld+json\" class=\"yoast-schema-graph\">{\"@context\":\"https:\\\/\\\/schema.org\",\"@graph\":[{\"@type\":\"WebPage\",\"@id\":\"https:\\\/\\\/lordandjames.com\\\/checkout-complete\\\/\",\"url\":\"https:\\\/\\\/lordandjames.com\\\/checkout-complete\\\/\",\"name\":\"Checkout Complete - Lord &amp; James\",\"isPartOf\":{\"@id\":\"https:\\\/\\\/lordandjames.com\\\/#website\"},\"datePublished\":\"2021-11-17T19:32:22+00:00\",\"dateModified\":\"2022-03-28T22:22:10+00:00\",\"breadcrumb\":{\"@id\":\"https:\\\/\\\/lordandjames.com\\\/checkout-complete\\\/#breadcrumb\"},\"inLanguage\":\"de\",\"potentialAction\":[{\"@type\":\"ReadAction\",\"target\":[\"https:\\\/\\\/lordandjames.com\\\/checkout-complete\\\/\"]}]},{\"@type\":\"BreadcrumbList\",\"@id\":\"https:\\\/\\\/lordandjames.com\\\/checkout-complete\\\/#breadcrumb\",\"itemListElement\":[{\"@type\":\"ListItem\",\"position\":1,\"name\":\"Home\",\"item\":\"https:\\\/\\\/lordandjames.com\\\/\"},{\"@type\":\"ListItem\",\"position\":2,\"name\":\"Checkout Complete\"}]},{\"@type\":\"WebSite\",\"@id\":\"https:\\\/\\\/lordandjames.com\\\/#website\",\"url\":\"https:\\\/\\\/lordandjames.com\\\/\",\"name\":\"Lord & James\",\"description\":\"Surface Preparation Equipment\",\"publisher\":{\"@id\":\"https:\\\/\\\/lordandjames.com\\\/#organization\"},\"potentialAction\":[{\"@type\":\"SearchAction\",\"target\":{\"@type\":\"EntryPoint\",\"urlTemplate\":\"https:\\\/\\\/lordandjames.com\\\/?s={search_term_string}\"},\"query-input\":{\"@type\":\"PropertyValueSpecification\",\"valueRequired\":true,\"valueName\":\"search_term_string\"}}],\"inLanguage\":\"de\"},{\"@type\":\"Organization\",\"@id\":\"https:\\\/\\\/lordandjames.com\\\/#organization\",\"name\":\"Lord & James\",\"url\":\"https:\\\/\\\/lordandjames.com\\\/\",\"logo\":{\"@type\":\"ImageObject\",\"inLanguage\":\"de\",\"@id\":\"https:\\\/\\\/lordandjames.com\\\/#\\\/schema\\\/logo\\\/image\\\/\",\"url\":\"https:\\\/\\\/lordandjames.com\\\/wp-content\\\/uploads\\\/2021\\\/11\\\/Lord-James_logo_c.png\",\"contentUrl\":\"https:\\\/\\\/lordandjames.com\\\/wp-content\\\/uploads\\\/2021\\\/11\\\/Lord-James_logo_c.png\",\"width\":847,\"height\":715,\"caption\":\"Lord & James\"},\"image\":{\"@id\":\"https:\\\/\\\/lordandjames.com\\\/#\\\/schema\\\/logo\\\/image\\\/\"}}]}<\/script>\n<!-- \/ Yoast SEO plugin. -->","yoast_head_json":{"title":"Checkout Complete - Lord &amp; James","robots":{"index":"index","follow":"follow","max-snippet":"max-snippet:-1","max-image-preview":"max-image-preview:large","max-video-preview":"max-video-preview:-1"},"canonical":"https:\/\/lordandjames.com\/de\/checkout-complete\/","og_locale":"de_DE","og_type":"article","og_title":"Checkout Complete - Lord &amp; James","og_description":"Thank You Thanks for your order! We&#8217;ve received your order and will begin processing it right away. For your records, an email confirmation has been sent. It contains details of the items you purchased and also a tracking number (if applicable).","og_url":"https:\/\/lordandjames.com\/de\/checkout-complete\/","og_site_name":"Lord &amp; James","article_modified_time":"2022-03-28T22:22:10+00:00","twitter_card":"summary_large_image","twitter_misc":{"Est. reading time":"1\u00a0Minute"},"schema":{"@context":"https:\/\/schema.org","@graph":[{"@type":"WebPage","@id":"https:\/\/lordandjames.com\/checkout-complete\/","url":"https:\/\/lordandjames.com\/checkout-complete\/","name":"Checkout Complete - Lord &amp; James","isPartOf":{"@id":"https:\/\/lordandjames.com\/#website"},"datePublished":"2021-11-17T19:32:22+00:00","dateModified":"2022-03-28T22:22:10+00:00","breadcrumb":{"@id":"https:\/\/lordandjames.com\/checkout-complete\/#breadcrumb"},"inLanguage":"de","potentialAction":[{"@type":"ReadAction","target":["https:\/\/lordandjames.com\/checkout-complete\/"]}]},{"@type":"BreadcrumbList","@id":"https:\/\/lordandjames.com\/checkout-complete\/#breadcrumb","itemListElement":[{"@type":"ListItem","position":1,"name":"Home","item":"https:\/\/lordandjames.com\/"},{"@type":"ListItem","position":2,"name":"Checkout Complete"}]},{"@type":"WebSite","@id":"https:\/\/lordandjames.com\/#website","url":"https:\/\/lordandjames.com\/","name":"Lord &amp; James","description":"Ausr\u00fcstung f\u00fcr die Oberfl\u00e4chenvorbereitung","publisher":{"@id":"https:\/\/lordandjames.com\/#organization"},"potentialAction":[{"@type":"SearchAction","target":{"@type":"EntryPoint","urlTemplate":"https:\/\/lordandjames.com\/?s={search_term_string}"},"query-input":{"@type":"PropertyValueSpecification","valueRequired":true,"valueName":"search_term_string"}}],"inLanguage":"de"},{"@type":"Organization","@id":"https:\/\/lordandjames.com\/#organization","name":"Lord &amp; James","url":"https:\/\/lordandjames.com\/","logo":{"@type":"ImageObject","inLanguage":"de","@id":"https:\/\/lordandjames.com\/#\/schema\/logo\/image\/","url":"https:\/\/lordandjames.com\/wp-content\/uploads\/2021\/11\/Lord-James_logo_c.png","contentUrl":"https:\/\/lordandjames.com\/wp-content\/uploads\/2021\/11\/Lord-James_logo_c.png","width":847,"height":715,"caption":"Lord & James"},"image":{"@id":"https:\/\/lordandjames.com\/#\/schema\/logo\/image\/"}}]}},"_links":{"self":[{"href":"https:\/\/lordandjames.com\/de\/wp-json\/wp\/v2\/pages\/10","targetHints":{"allow":["GET"]}}],"collection":[{"href":"https:\/\/lordandjames.com\/de\/wp-json\/wp\/v2\/pages"}],"about":[{"href":"https:\/\/lordandjames.com\/de\/wp-json\/wp\/v2\/types\/page"}],"author":[{"embeddable":true,"href":"https:\/\/lordandjames.com\/de\/wp-json\/wp\/v2\/users\/1"}],"replies":[{"embeddable":true,"href":"https:\/\/lordandjames.com\/de\/wp-json\/wp\/v2\/comments?post=10"}],"version-history":[{"count":0,"href":"https:\/\/lordandjames.com\/de\/wp-json\/wp\/v2\/pages\/10\/revisions"}],"wp:attachment":[{"href":"https:\/\/lordandjames.com\/de\/wp-json\/wp\/v2\/media?parent=10"}],"curies":[{"name":"wp","href":"https:\/\/api.w.org\/{rel}","templated":true}]}}